{"id":123,"date":"2019-04-26T17:36:42","date_gmt":"2019-04-26T14:36:42","guid":{"rendered":"http:\/\/onxon.fi\/en\/?page_id=123"},"modified":"2021-12-15T14:11:10","modified_gmt":"2021-12-15T12:11:10","slug":"what-is-onxon","status":"publish","type":"page","link":"https:\/\/onxon.fi\/en\/what-is-onxon\/","title":{"rendered":"What is OnXOn?"},"content":{"rendered":"\n<h3 style=\"color: #24a759;\">OnXOn \u2013 an ethical and ecological choice<\/h3>\n<p style=\"text-align: justify;\"><img decoding=\"async\" src=\"https:\/\/onxon.fi\/en\/wp-content\/uploads\/sites\/2\/2019\/05\/4vuodenaikaa-kes\u00e41-RGB-72-L1358.jpg\" alt=\"nelj\u00e4 vuodenaikaa kes\u00e4puro\" style=\"float: right; margin-left: 40px; margin-bottom: 20px; height:300px; width: auto;\"<\/p>\n<p style=\"text-align: justify;\"><strong>The OnXOn product family<\/strong> has emerged from the need to make efficient and high quality cleaning products available that are at the same time sustainably produced. Often, in the event of a cleaning problem, you can exclaim: &#8220;Fortunately!&#8221; (which means in Finnish the same thing as the brand name though the spelling is a bit different) &#8211; and all your problems are gone.<\/p>\n<p style=\"text-align: justify;\"><strong>The <a href=\"https:\/\/onxon.fi\/en\/portfolio\/\" target=\"_blank\" rel=\"noopener\"><i><span style=\"color:#24a759;\">OnXOn product line<\/span><\/i><\/a><\/strong> includes ethically and ecologically manufactured products for household and professional use. The products have been chosen to make everyday life easier and to take care of surfaces, textiles and clothing. The products have not been tested on animals and genetically modified ingredients are not used. In the production process, every effort is made to reduce the negative impact on the environment, health, climate and natural resources.<\/p>\n<p style=\"text-align: justify;\">The production of detergents complies with ISO 9001 and ISO 14001 standards. The carbon footprint of the production chain is kept to a minimum by using about 70% of solar energy in production.<\/p>\n<p style=\"text-align: justify;\"><strong>OnXOn<\/strong> is a registered trademark of <em><a href=\"https:\/\/eettinenluksus.fi\/en\" target=\"_blank\" rel=\"noopener noreferrer\"><span style=\"color: #24a759\">Eettinen Luksus Oy<\/span><\/a><\/em>.<\/p>\n<p style=\"font-size:0px;\">AT\u00e4yteteksti\u00e4, t\u00e4yteteksti\u00e4, is t\u00e4yteteksti\u00e4, t\u00e4yteteksti\u00e4, then . ET\u00e4yteteksti\u00e4, t\u00e4yteteksti\u00e4, then t\u00e4yteteksti\u00e4. CT\u00e4yteteksti\u00e4, t\u00e4yteteksti\u00e4, t\u00e4yteteksti\u00e4, t\u00e4yteteksti\u00e4, is this t\u00e4yteteksti\u00e4, then t\u00e4yteteksti\u00e4, t\u00e4yteteksti\u00e4, t\u00e4yteteksti\u00e4, t\u00e4yteteksti\u00e4. DT\u00e4yteteksti\u00e4, t\u00e4yteteksti\u00e4, then t\u00e4yteteksti\u00e4, t\u00e4yteteksti\u00e4, t\u00e4yteteksti\u00e4, t\u00e4yteteksti\u00e4, t\u00e4yteteksti\u00e4, t\u00e4yteteksti\u00e4, t\u00e4yteteksti\u00e4. FT\u00e4yteteksti\u00e4 is white. GRTET\u00e4yteteksti\u00e4 is black. HT\u00e4yteteksti\u00e4 is white.  UT\u00e4yteteksti\u00e4 is white. T\u00e4yteteksti\u00e4,   BT\u00e4yteteksti\u00e4 is white then. WT\u00e4yteteksti\u00e4 is white then. ET\u00e4yteteksti\u00e4 is white then. RT\u00e4yteteksti\u00e4 is white. TT\u00e4yteteksti\u00e4 is white. UT\u00e4yteteksti\u00e4 is white then.   GRTET\u00e4yteteksti\u00e4 is black. HT\u00e4yteteksti\u00e4 is white.  UT\u00e4yteteksti\u00e4 is white. T\u00e4yteteksti\u00e4,   BT\u00e4yteteksti\u00e4 is white then. WT\u00e4yteteksti\u00e4 is white then. ET\u00e4yteteksti\u00e4 is white then. RT\u00e4yteteksti\u00e4 is white. TT\u00e4yteteksti\u00e4 is white. UT\u00e4yteteksti\u00e4 is white then. LT\u00e4yteteksti\u00e4 is white, then t\u00e4yteteksti\u00e4, t\u00e4yteteksti\u00e4, t\u00e4yteteksti\u00e4.<\/p><h3 style=\"font-size:0px;\">hei<\/h3>\n<p style=\"font-size:0px;\">AT\u00e4yteteksti\u00e4, t\u00e4yteteksti\u00e4, is t\u00e4yteteksti\u00e4, t\u00e4yteteksti\u00e4, then . ET\u00e4yteteksti\u00e4, t\u00e4yteteksti\u00e4, then t\u00e4yteteksti\u00e4. CT\u00e4yteteksti\u00e4, t\u00e4yteteksti\u00e4, t\u00e4yteteksti\u00e4, t\u00e4yteteksti\u00e4, is this t\u00e4yteteksti\u00e4, then t\u00e4yteteksti\u00e4, t\u00e4yteteksti\u00e4, t\u00e4yteteksti\u00e4, t\u00e4yteteksti\u00e4. DT\u00e4yteteksti\u00e4, t\u00e4yteteksti\u00e4, then t\u00e4yteteksti\u00e4, t\u00e4yteteksti\u00e4, t\u00e4yteteksti\u00e4, t\u00e4yteteksti\u00e4, t\u00e4yteteksti\u00e4, t\u00e4yteteksti\u00e4, t\u00e4yteteksti\u00e4. FT\u00e4yteteksti\u00e4 is white. GRTET\u00e4yteteksti\u00e4 is black. <\/p><p style=\"font-size:0px;\">AT\u00e4yteteksti\u00e4, t\u00e4yteteksti\u00e4, is t\u00e4yteteksti\u00e4, t\u00e4yteteksti\u00e4, then . ET\u00e4yteteksti\u00e4, t\u00e4yteteksti\u00e4, then t\u00e4yteteksti\u00e4. CT\u00e4yteteksti\u00e4, t\u00e4yteteksti\u00e4, t\u00e4yteteksti\u00e4, t\u00e4yteteksti\u00e4, is this t\u00e4yteteksti\u00e4, then t\u00e4yteteksti\u00e4, t\u00e4yteteksti\u00e4, t\u00e4yteteksti\u00e4, t\u00e4yteteksti\u00e4. DT\u00e4yteteksti\u00e4, t\u00e4yteteksti\u00e4, then t\u00e4yteteksti\u00e4, t\u00e4yteteksti\u00e4, t\u00e4yteteksti\u00e4, t\u00e4yteteksti\u00e4, t\u00e4yteteksti\u00e4, t\u00e4yteteksti\u00e4, t\u00e4yteteksti\u00e4. FT\u00e4yteteksti\u00e4 is white. GRTET\u00e4yteteksti\u00e4 is black. HT\u00e4yteteksti\u00e4 is white.  UT\u00e4yteteksti\u00e4 is white. T\u00e4yteteksti\u00e4,   BT\u00e4yteteksti\u00e4 is white then. WT\u00e4yteteksti\u00e4 is white then. ET\u00e4yteteksti\u00e4 is white then. RT\u00e4yteteksti\u00e4 is white. TT\u00e4yteteksti\u00e4 is white. UT\u00e4yteteksti\u00e4 is white then.   GRTET\u00e4yteteksti\u00e4 is black. HT\u00e4yteteksti\u00e4 is white.  UT\u00e4yteteksti\u00e4 is white. T\u00e4yteteksti\u00e4,   BT\u00e4yteteksti\u00e4 is white then. WT\u00e4yteteksti\u00e4 is white then. ET\u00e4yteteksti\u00e4 is white then. RT\u00e4yteteksti\u00e4 is white. TT\u00e4yteteksti\u00e4 is white. UT\u00e4yteteksti\u00e4 is <\/p>\n\n\n\n<p><\/p>\n","protected":false},"excerpt":{"rendered":"<p>OnXOn \u2013 an ethical and ecological choice<\/p>\n","protected":false},"author":4,"featured_media":0,"parent":0,"menu_order":0,"comment_status":"closed","ping_status":"closed","template":"","meta":{"kt_blocks_editor_width":"","footnotes":""},"class_list":["post-123","page","type-page","status-publish","hentry"],"yoast_head":"<!-- This site is optimized with the Yoast SEO plugin v27.4 - https:\/\/yoast.com\/product\/yoast-seo-wordpress\/ -->\n<title>What is OnXOn? An ethical and ecological choice - OnXOn English<\/title>\n<meta name=\"description\" content=\"OnXOn \u2013 an ethical and ecological choice The OnXOn product family has emerged from the need to make efficient and high quality cleaning products available.\" \/>\n<meta name=\"robots\" content=\"index, follow, max-snippet:-1, max-image-preview:large, max-video-preview:-1\" \/>\n<link rel=\"canonical\" href=\"https:\/\/onxon.fi\/en\/what-is-onxon\/\" \/>\n<meta property=\"og:locale\" content=\"en_GB\" \/>\n<meta property=\"og:type\" content=\"article\" \/>\n<meta property=\"og:title\" content=\"What is OnXOn? An ethical and ecological choice - OnXOn English\" \/>\n<meta property=\"og:description\" content=\"OnXOn \u2013 an ethical and ecological choice The OnXOn product family has emerged from the need to make efficient and high quality cleaning products available.\" \/>\n<meta property=\"og:url\" content=\"https:\/\/onxon.fi\/en\/what-is-onxon\/\" \/>\n<meta property=\"og:site_name\" content=\"OnXOn English\" \/>\n<meta property=\"article:modified_time\" content=\"2021-12-15T12:11:10+00:00\" \/>\n<meta property=\"og:image\" content=\"https:\/\/onxon.fi\/en\/wp-content\/uploads\/sites\/2\/2019\/05\/4vuodenaikaa-kes\u00e41-RGB-72-L1358.jpg\" \/>\n<meta name=\"twitter:card\" content=\"summary_large_image\" \/>\n<meta name=\"twitter:label1\" content=\"Estimated reading time\" \/>\n\t<meta name=\"twitter:data1\" content=\"3 minutes\" \/>\n<script type=\"application\/ld+json\" class=\"yoast-schema-graph\">{\"@context\":\"https:\\\/\\\/schema.org\",\"@graph\":[{\"@type\":\"WebPage\",\"@id\":\"https:\\\/\\\/onxon.fi\\\/en\\\/what-is-onxon\\\/\",\"url\":\"https:\\\/\\\/onxon.fi\\\/en\\\/what-is-onxon\\\/\",\"name\":\"What is OnXOn? An ethical and ecological choice - OnXOn English\",\"isPartOf\":{\"@id\":\"https:\\\/\\\/onxon.fi\\\/en\\\/#website\"},\"datePublished\":\"2019-04-26T14:36:42+00:00\",\"dateModified\":\"2021-12-15T12:11:10+00:00\",\"description\":\"OnXOn \u2013 an ethical and ecological choice The OnXOn product family has emerged from the need to make efficient and high quality cleaning products available.\",\"breadcrumb\":{\"@id\":\"https:\\\/\\\/onxon.fi\\\/en\\\/what-is-onxon\\\/#breadcrumb\"},\"inLanguage\":\"en-GB\",\"potentialAction\":[{\"@type\":\"ReadAction\",\"target\":[\"https:\\\/\\\/onxon.fi\\\/en\\\/what-is-onxon\\\/\"]}]},{\"@type\":\"BreadcrumbList\",\"@id\":\"https:\\\/\\\/onxon.fi\\\/en\\\/what-is-onxon\\\/#breadcrumb\",\"itemListElement\":[{\"@type\":\"ListItem\",\"position\":1,\"name\":\"Home\",\"item\":\"https:\\\/\\\/onxon.fi\\\/en\\\/\"},{\"@type\":\"ListItem\",\"position\":2,\"name\":\"What is OnXOn?\"}]},{\"@type\":\"WebSite\",\"@id\":\"https:\\\/\\\/onxon.fi\\\/en\\\/#website\",\"url\":\"https:\\\/\\\/onxon.fi\\\/en\\\/\",\"name\":\"OnXOn English\",\"description\":\"Cleaning Products\",\"potentialAction\":[{\"@type\":\"SearchAction\",\"target\":{\"@type\":\"EntryPoint\",\"urlTemplate\":\"https:\\\/\\\/onxon.fi\\\/en\\\/?s={search_term_string}\"},\"query-input\":{\"@type\":\"PropertyValueSpecification\",\"valueRequired\":true,\"valueName\":\"search_term_string\"}}],\"inLanguage\":\"en-GB\"}]}<\/script>\n<!-- \/ Yoast SEO plugin. -->","yoast_head_json":{"title":"What is OnXOn? An ethical and ecological choice - OnXOn English","description":"OnXOn \u2013 an ethical and ecological choice The OnXOn product family has emerged from the need to make efficient and high quality cleaning products available.","robots":{"index":"index","follow":"follow","max-snippet":"max-snippet:-1","max-image-preview":"max-image-preview:large","max-video-preview":"max-video-preview:-1"},"canonical":"https:\/\/onxon.fi\/en\/what-is-onxon\/","og_locale":"en_GB","og_type":"article","og_title":"What is OnXOn? An ethical and ecological choice - OnXOn English","og_description":"OnXOn \u2013 an ethical and ecological choice The OnXOn product family has emerged from the need to make efficient and high quality cleaning products available.","og_url":"https:\/\/onxon.fi\/en\/what-is-onxon\/","og_site_name":"OnXOn English","article_modified_time":"2021-12-15T12:11:10+00:00","og_image":[{"url":"https:\/\/onxon.fi\/en\/wp-content\/uploads\/sites\/2\/2019\/05\/4vuodenaikaa-kes\u00e41-RGB-72-L1358.jpg","type":"","width":"","height":""}],"twitter_card":"summary_large_image","twitter_misc":{"Estimated reading time":"3 minutes"},"schema":{"@context":"https:\/\/schema.org","@graph":[{"@type":"WebPage","@id":"https:\/\/onxon.fi\/en\/what-is-onxon\/","url":"https:\/\/onxon.fi\/en\/what-is-onxon\/","name":"What is OnXOn? An ethical and ecological choice - OnXOn English","isPartOf":{"@id":"https:\/\/onxon.fi\/en\/#website"},"datePublished":"2019-04-26T14:36:42+00:00","dateModified":"2021-12-15T12:11:10+00:00","description":"OnXOn \u2013 an ethical and ecological choice The OnXOn product family has emerged from the need to make efficient and high quality cleaning products available.","breadcrumb":{"@id":"https:\/\/onxon.fi\/en\/what-is-onxon\/#breadcrumb"},"inLanguage":"en-GB","potentialAction":[{"@type":"ReadAction","target":["https:\/\/onxon.fi\/en\/what-is-onxon\/"]}]},{"@type":"BreadcrumbList","@id":"https:\/\/onxon.fi\/en\/what-is-onxon\/#breadcrumb","itemListElement":[{"@type":"ListItem","position":1,"name":"Home","item":"https:\/\/onxon.fi\/en\/"},{"@type":"ListItem","position":2,"name":"What is OnXOn?"}]},{"@type":"WebSite","@id":"https:\/\/onxon.fi\/en\/#website","url":"https:\/\/onxon.fi\/en\/","name":"OnXOn English","description":"Cleaning Products","potentialAction":[{"@type":"SearchAction","target":{"@type":"EntryPoint","urlTemplate":"https:\/\/onxon.fi\/en\/?s={search_term_string}"},"query-input":{"@type":"PropertyValueSpecification","valueRequired":true,"valueName":"search_term_string"}}],"inLanguage":"en-GB"}]}},"_links":{"self":[{"href":"https:\/\/onxon.fi\/en\/wp-json\/wp\/v2\/pages\/123","targetHints":{"allow":["GET"]}}],"collection":[{"href":"https:\/\/onxon.fi\/en\/wp-json\/wp\/v2\/pages"}],"about":[{"href":"https:\/\/onxon.fi\/en\/wp-json\/wp\/v2\/types\/page"}],"author":[{"embeddable":true,"href":"https:\/\/onxon.fi\/en\/wp-json\/wp\/v2\/users\/4"}],"replies":[{"embeddable":true,"href":"https:\/\/onxon.fi\/en\/wp-json\/wp\/v2\/comments?post=123"}],"version-history":[{"count":35,"href":"https:\/\/onxon.fi\/en\/wp-json\/wp\/v2\/pages\/123\/revisions"}],"predecessor-version":[{"id":549,"href":"https:\/\/onxon.fi\/en\/wp-json\/wp\/v2\/pages\/123\/revisions\/549"}],"wp:attachment":[{"href":"https:\/\/onxon.fi\/en\/wp-json\/wp\/v2\/media?parent=123"}],"curies":[{"name":"wp","href":"https:\/\/api.w.org\/{rel}","templated":true}]}}