{"id":445,"date":"2020-03-30T10:22:31","date_gmt":"2020-03-30T07:22:31","guid":{"rendered":"https:\/\/onxon.fi\/en\/?page_id=445"},"modified":"2022-05-27T16:43:18","modified_gmt":"2022-05-27T13:43:18","slug":"onxon-retailers","status":"publish","type":"page","link":"https:\/\/onxon.fi\/en\/onxon-retailers\/","title":{"rendered":"OnXOn Retailers"},"content":{"rendered":"\n<p style=\"font-size:0px;\">onxon retailers then<\/p>\n<!DOCTYPE html>\n<html>\n<head>\n<meta name=\"viewport\" content=\"width=device-width, initial-scale=1.0\">\n<style>\n.article {\n  -webkit-column-count: 2;\n     -moz-column-count: 2;\n          column-count: 2;\n  -webkit-column-width: 200px;\n     -moz-column-width: 200px;\n          column-width: 200px;\n}\n\n[class*=\"col-\"] {\n  float: left;\n  padding: 0px;\n}\n\n.col-1 {width: 25%;}\n.col-2 {width: 50%;}\n.col-3 {width: 75%;}\n.col-4 {width: 100%;}\n\n.dropbtn {\n  background-color: #4CAF50;\n  color: white;\n  padding: 12px;\n  font-size: 14px;\n  border: none;\n  cursor: pointer;\n  margin: 2px;\n  min-width: 120px;\n}\n\n.dropdown {\n  position: relative;\n  display: inline-block;\n}\n\n.dropdown-content {\n  display: none;\n  position: absolute;\n  background-color: #f9f9f9;\n  min-width: 200px;\n  box-shadow: 0px 8px 16px 0px rgba(0,0,0,0.2);\n  z-index: 1;\n}\n\n.dropdown-content a {\n  color: black;\n  font-size: 12px;\n  padding: 12px 16px;\n  text-decoration: none;\n  display: block;\n}\n\n.dropdown-content a:hover {background-color: #f1f1f1}\n\n.dropdown:hover .dropdown-content {\n  display: block;\n}\n\n.dropdown:hover .dropbtn {\n  background-color: #3e8e41;\n}\n<\/style>\n<\/head>\n<body>\n<\/body>\n<body>\n<p style=\"text-align:center;\"><a style=\"color:inherit\"; rel=\"noopener noreferrer nofollow\" target=\"_blank\"; href=\"https:\/\/onxon.fi\/en\/portfolio\/onxon-cleaning-stone\/\">OnXOn Cleaning Stone<\/a> is on sale in all Prismas.<br><a style=\"color:inherit\"; rel=\"noopener noreferrer nofollow\" target=\"_blank\";\" href=\"https:\/\/onxon.fi\/en\/portfolio\/onxon-gall-soap\/\">OnXOn Gall Soap<\/a> can be found from Prismas with the best product range.<\/a><br>OnXOn product range varies shop for shop. We are updating the list constantly.<\/p>\n<div class=\"col-2\">\n<div class=\"header\">\n  <h4>Metropolitan area \/ Uusimaa<\/h4>\n<\/div>\n<div class=\"article\">\n<ul style=\"color:#24a759;\">\n<li>Carlson Redi<\/li>\n<li>Carlson Kauppakeksus Jumbo<\/li>\n<li>Domus Classica Erottaja<\/li>\n<li>Food Market Herkku Jumbo<\/li>\n<li>Food Market Herkku Keskusta<\/li>\n<li>Food Market Herkku Itis<\/li>\n<li>Food Market Herkku Tapiola<\/li>\n<li>K-Rauta Espoon Keskus<\/li>\n<li>K-Rauta Kirkkonummi<\/li>\n<li>K-Rauta Porvoo<\/li>\n<li>K-Rauta Vantaanportti<\/li>\n<li>K-Supermarket Lauttasaari<\/li>\n<li>K-Supermarket L\u00e4hderanta<\/li>\n<li>K-Supermarket Redi<\/li>\n<li>K-Supermarket Tapiola<\/li>\n<li>MOKO Market &#038; Cafe Punavuori<\/li>\n<li>MOKO Market &#038; Cafe S\u00f6rn\u00e4inen<\/li>\n<li>Porvoon Mikrokulma<\/li>\n<li>RTV Herajoentie<\/li>\n<li>RTV Herttoniemi<\/li>\n<li>RTV J\u00e4rvenp\u00e4\u00e4<\/li>\n<li>RTV Kalevankatu<\/li>\n<li>RTV Kerava<\/li>\n<li>RTV Lohja<\/li>\n<li>RTV Sahaajankatu<\/li>\n<li>RTV Vantaa (Petikko)<\/li>\n<li>S\u00e4\u00e4st\u00f6talo Latvala, Karjaa+Lohja<\/li>\n<\/ul>\n<\/div>\n<div class=\"header\">\n<h4>Satakunta \/ Varsinais-Suomi<\/h4>\n<\/div>\n<div class=\"article\">\n<ul style=\"color:#24a759;\">\n<li>Design Hill, Halikko<\/li>\n<li>Food Market Herkku Turku<\/li>\n<li>K-Rauta Kuninkoja, Raisio<\/li>\n<li>K-Rauta Uusikaupunki<\/li>\n<li>RTV Kaarina<\/li>\n<li>RTV Salo<\/li>\n<li>Ruokapuoti Lumo, Rauma<\/li>\n<li>Siivous ja Kiinteist\u00f6huolto Sirpa Nevalainen, Raisio<\/li>\n<\/ul>\n<\/div>\n<div class=\"header\">\n<h4>H\u00e4me<\/h4>\n<\/div>\n<div class=\"article\">\n<ul style=\"color:#24a759;\">\n<li>Suomen Allergiakauppa, H\u00e4meenlinna<\/li>\n<li>Domus Classica, Hattula<\/li>\n<li>Food Market Herkku Tampere<\/li>\n<li>K-Supermarket Villil\u00e4<\/li>\n<li>RTV Forssa<\/li>\n<li>RTV H\u00e4meenlinna<\/li>\n<li>K\u00e4rkk\u00e4inen Lahti<\/li>\n<li>RTV Riihim\u00e4ki<\/li>\n<li>RTV Tampere<\/li>\n<li>K-Rauta Valkeakoski<\/li>\n<\/ul>\n<\/div>\n<div class=\"header\">\n  <h4>Kymenlaakso \/ Etel\u00e4-Karjala<\/h4>\n<\/div>\n<div class=\"article\">\n<ul style=\"color:#24a759;\">\n<li>K-Rauta Kotka<\/li>\n<li>K-Rauta Kouvola<\/li>\n<li>K-Rauta Lappeenranta<\/li>\n<\/ul>\n<\/div>\n<div class=\"header\">\n  <h4>Pohjois-Karjala<\/h4>\n<\/div>\n<div class=\"article\">\n<ul style=\"color:#24a759;\">\n<li>Carlson Rautakauppa Iisalmi<\/li>\n<li>Carlson Rautakauppa Joensuu<\/li>\n<li>Carlson Tavaratalo Joensuu<\/li>\n<li>ECOteekki, Joensuu<\/li>\n<li>K-Rauta Lieksa<\/a>\n<li>K-Rauta Naumanen, Joensuu<\/li>\n<\/ul>\n<\/div>\n<div class=\"header\">\n  <h4>Savo<\/h4>\n<\/div>\n<div class=\"article\">\n<ul style=\"color:#24a759;\">\n<li>Artteli Shop, Rautalampi<\/li>\n<li>Carlson Rautakauppa Kuopio<\/li>\n<li>Carlson Tavaratalo Kuopio<\/li>\n<li>Carlson Rautakauppa Mikkeli<\/li>\n<li>Carlson Tavaratalo Mikkeli<\/li>\n<li>Carlson Rautakauppa Savonlinna<\/li>\n<li>Carlson Rautakauppa Varkaus<\/li>\n<li>Riikka-Piikka (Jari-Pekan liik.asema), Joroinen<\/li>\n<\/ul>\n<\/div>\n<div class=\"header\">\n<h4>Keski-Suomi<\/h4>\n<\/div>\n<div class=\"article\">\n<ul style=\"color:#24a759;\">\n<li>Carlson Jyv\u00e4skyl\u00e4<\/li>\n<li>K-rauta Palokka<\/li>\n<li>K\u00e4rkk\u00e4inen Jyv\u00e4skyl\u00e4 (Palokka)<\/li>\n<li>RTV Jyv\u00e4skyl\u00e4<\/li>\n<\/ul>\n<\/div>\n<div class=\"header\">\n  <h4>Etel\u00e4-Pohjanmaa<\/h4>\n<\/div>\n<div class=\"article\">\n<ul style=\"color:#24a759;\">\n<li>K-Rauta Sein\u00e4joki<\/li>\n<li>K\u00e4rkk\u00e4inen Ylivieska<\/li>\n<li>RTV Sein\u00e4joki<\/li>\n<li>RTV Vaasa<\/li>\n<li>Veljekset Keskinen Oy<\/li>\n<\/ul>\n<\/div>\n<div class=\"header\">\n  <h4>Pohjois-Pohjanmaa<\/h4>\n<\/div>\n<div class=\"article\">\n<ul style=\"color:#24a759;\">\n<li>K\u00e4rkk\u00e4inen Ii<\/li>\n<li>K\u00e4rkk\u00e4inen Oulu<\/li>\n<\/ul>\n<\/div>\n<div class=\"header\">\n  <h4>Lapland<\/h4>\n<\/div>\n<div class=\"article\">\n<ul style=\"color:#24a759;\">\n<li>Seita Shop Pello, Kolari<\/li>\n<li>Hovim\u00e4ki Tavaratalo, Rovaniemi<\/li>\n<\/ul>\n<\/div>\n<\/div>\n<div class=\"col-2\">\n<div class=\"header\">\n<h4 style=\"margin-left:25px\">Verkkokauppoja<\/h4>\n<\/div>\n<div>\n<a style=\"margin:25px;\" href=\"https:\/\/www.allergiakauppa.fi\/kauppa\/tarkennettu-haku\/11\/?keywords=onxon\/\" target=\"_blank\" rel=\"noopener noreferrer\"> <img decoding=\"async\" style=\"width:174px;height:42px;border:0; margin:10px;\" alt=\"Logo Allergiakauppa\" src=\"https:\/\/onxon.fi\/wp-content\/uploads\/2020\/02\/Allergiakauppa.jpg\"><\/a>\n<a style=\"margin:25px;\" href=\"https:\/\/www.borjeskotimaki.fi\/kauppa\/tarkennettu-haku\/11\/?keywords=onxon&amp;nhbutton5=&amp;categories_id=\" target=\"_blank\" rel=\"noopener noreferrer\"><img decoding=\"async\" style=\"width:174px;height:42px;border:0; margin:10px;\" alt=\"Logo B\u00f6rjes Kotim\u00e4ki\" src=\"https:\/\/onxon.fi\/wp-content\/uploads\/2020\/02\/B\u00f6rjeskotim\u00e4ki.jpg\"><\/a>\n<a style=\"margin: 25px;\" href=\"https:\/\/www.carlson.fi\/catalogsearch\/result\/?q=onxon\" target=\"_blank\" rel=\"noopener noreferrer\"><img decoding=\"async\" style=\"width:174px;height:42px;border:0; margin:10px;\" alt=\"Logo Carlson\" src=\"https:\/\/onxon.fi\/wp-content\/uploads\/2020\/02\/Carlson.JPG\"><\/a>\n<a style=\"margin:25px;\" href=\"https:\/\/www.domusclassica.fi\/tuote\/perinteinen-puhdistuskivi-300-g\/860-023-3\/?keywords=onxon\" target=\"_blank\" rel=\"noopener noreferrer\"><img decoding=\"async\" style=\"width:174px;height:42px;border:0; margin:10px;\" alt=\"Logo Domus Classica\" src=\"https:\/\/onxon.fi\/wp-content\/uploads\/2020\/02\/DomusClassica.JPG\"><\/a>\n<a style=\"margin:25px;\" href=\"https:\/\/www.ecosto.fi\/search\/?q=onxon\" target=\"_blank\" rel=\"noopener noreferrer\"><img decoding=\"async\" style=\"width:174px;height:52px;border:0; margin:10px;\" alt=\"Logo Ecosto\" src=\"https:\/\/onxon.fi\/wp-content\/uploads\/2020\/02\/Ecosto.JPG\"><\/a>\n<a style=\"margin:25px;\" href=\"https:\/\/www.ecoteekki.fi\/kauppa\/tarkennettu-haku\/11\/?keywords=onxon&amp;nhbutton3=&amp;categories_id=\" target=\"_blank\" rel=\"noopener noreferrer\"><img decoding=\"async\" style=\"width:174px;height:42px;border:0; margin:10px;\" alt=\"Logo ECOteekki\" src=\"https:\/\/onxon.fi\/wp-content\/uploads\/2020\/02\/Ecoteekki-terveyskauppa_avainlippu_v\u00e4ri_rgb.png\"><\/a>\n<a style=\"margin:25px;\" href=\"https:\/\/www.hajusteetonarki.fi\/?s=onxon\" target=\"_blank\" rel=\"noopener noreferrer\"><img decoding=\"async\" style=\"width:174px;height:32px;border:0; margin:10px;\" alt=\"Logo Hajusteeton arki\" src=\"https:\/\/onxon.fi\/wp-content\/uploads\/2020\/02\/hajusteetonarki-hajusteeton-kosmetiikka-logo.png\"><\/a>\n<a style=\"margin:25px;\" href=\"https:\/\/www.karkkainen.com\/verkkokauppa\/haku\/onxon?categoryId=&amp;storeId=10151&amp;catalogId=10051&amp;langId=-11&amp;sType=SimpleSearch&amp;resultCatEntryType=2&amp;showResultsPage=true&amp;searchSource=Q&amp;pageView=&amp;beginIndex=0&amp;pageSize=60\" target=\"_blank\" rel=\"noopener noreferrer\"><img decoding=\"async\" style=\"width:174px;height:42px;border:0; margin:10px;\" alt=\"Logo K\u00e4rkk\u00e4inen\" src=\"https:\/\/onxon.fi\/wp-content\/uploads\/2020\/02\/Karkkainen_logo_Pun_tausta (002)-768x186.png\"><\/a>\n<a style=\"margin:25px;\" href=\"https:\/\/lindankotipalvelu.fi\/?post_type=product&amp;s=onxon\" target=\"_blank\" rel=\"noopener noreferrer\"><img decoding=\"async\" style=\"width:94px;height:72px;border:0; margin:10px; margin-left:20px\" alt=\"Logo LKP\" src=\"https:\/\/onxon.fi\/wp-content\/uploads\/2020\/02\/LKP-logo.png\"><\/a>\n<a style=\"margin:25px;\" href=\"https:\/\/www.seitashop.fi\/search\/?q=onxon\" target=\"_blank\" rel=\"noopener noreferrer\"><img decoding=\"async\" style=\"width:174px;height:62px;border:0; margin:10px;\" alt=\"Logo SeitaShop\" src=\"https:\/\/onxon.fi\/wp-content\/uploads\/2020\/02\/seita-shop-valkea-pa-ea-ellekka-ein-2.jpg\"><\/a>\n<a style=\"margin:25px;\" href=\"https:\/\/www.sokos.fi\/fi\/sokos\/haku\/onxon#facet:&amp;productBeginIndex:&amp;facetLimit:&amp;orderBy:9&amp;pageView:&amp;minPrice:&amp;maxPrice:&amp;pageSize:&amp;\" target=\"_blank\" rel=\"noopener noreferrer\"><img decoding=\"async\" style=\"width:128px;height:60px;border:0; margin:10px;\" alt=\"Logo S-kaupat\" src=\"https:\/\/onxon.fi\/en\/wp-content\/uploads\/sites\/2\/1653\/53\/S-kaupat.jpg\"><\/a>\n<a style=\"margin:25px;\" href=\"https:\/\/www.sokos.fi\/fi\/sokos\/haku\/onxon#facet:&amp;productBeginIndex:&amp;facetLimit:&amp;orderBy:9&amp;pageView:&amp;minPrice:&amp;maxPrice:&amp;pageSize:&amp;\" target=\"_blank\" rel=\"noopener noreferrer\"><img decoding=\"async\" style=\"width:72px;height:72px;border:0; margin:10px;\" alt=\"Logo SOKOS\" src=\"https:\/\/onxon.fi\/wp-content\/uploads\/2020\/02\/Sokos.JPG\"><\/a>\n<a style=\"margin:25px;\" href=\"https:\/\/www.sokos.fi\/fi\/sokos\/haku\/onxon#facet:&amp;productBeginIndex:&amp;facetLimit:&amp;orderBy:9&amp;pageView:&amp;minPrice:&amp;maxPrice:&amp;pageSize:&amp;\" target=\"_blank\" rel=\"noopener noreferrer\"><img decoding=\"async\" style=\"width:200px;height:50px;border:0; margin:10px;\" alt=\"retailers logo tuontitukku\" src=\"https:\/\/onxon.fi\/en\/wp-content\/uploads\/sites\/2\/1653\/58\/Tuontitukku.png\"><\/a>\n<a style=\"margin:25px;\" href=\"https:\/\/www.sokos.fi\/fi\/sokos\/haku\/onxon#facet:&amp;productBeginIndex:&amp;facetLimit:&amp;orderBy:9&amp;pageView:&amp;minPrice:&amp;maxPrice:&amp;pageSize:&amp;\" target=\"_blank\" rel=\"noopener noreferrer\"><img decoding=\"async\" style=\"width:150px;height:150px;border:0; margin:10px;\" alt=\"Logo Eettinen Luksus\" src=\"https:\/\/onxon.fi\/en\/wp-content\/uploads\/sites\/2\/1653\/53\/EettinenLuksusSome.jpg\"><\/a>\n<\/div>\n<\/div>\n<\/div>\n<\/body>\n<\/html>\n<p style=\"font-size:0px;\">onxon retailers then<\/p>\n<p style=\"font-size:0px;\">A then B then C then E then F then<\/p>\n<p style=\"font-size:0px;\">g then B then C then E then F then<\/p>\n","protected":false},"excerpt":{"rendered":"<p>onxon retailers then OnXOn Cleaning Stone is on sale in all Prismas.<\/p>\n","protected":false},"author":4,"featured_media":0,"parent":0,"menu_order":0,"comment_status":"closed","ping_status":"closed","template":"","meta":{"kt_blocks_editor_width":"","footnotes":""},"class_list":["post-445","page","type-page","status-publish","hentry"],"yoast_head":"<!-- This site is optimized with the Yoast SEO plugin v27.4 - https:\/\/yoast.com\/product\/yoast-seo-wordpress\/ -->\n<title>OnXOn Retailers can be found here - OnXOn English<\/title>\n<meta name=\"description\" content=\"OnXOn retailers: Here you can find your nearest retailer of OnXOn products.\" \/>\n<meta name=\"robots\" content=\"index, follow, max-snippet:-1, max-image-preview:large, max-video-preview:-1\" \/>\n<link rel=\"canonical\" href=\"https:\/\/onxon.fi\/en\/onxon-retailers\/\" \/>\n<meta property=\"og:locale\" content=\"en_GB\" \/>\n<meta property=\"og:type\" content=\"article\" \/>\n<meta property=\"og:title\" content=\"OnXOn Retailers can be found here - OnXOn English\" \/>\n<meta property=\"og:description\" content=\"OnXOn retailers: Here you can find your nearest retailer of OnXOn products.\" \/>\n<meta property=\"og:url\" content=\"https:\/\/onxon.fi\/en\/onxon-retailers\/\" \/>\n<meta property=\"og:site_name\" content=\"OnXOn English\" \/>\n<meta property=\"article:modified_time\" content=\"2022-05-27T13:43:18+00:00\" \/>\n<meta property=\"og:image\" content=\"https:\/\/onxon.fi\/wp-content\/uploads\/2020\/02\/Allergiakauppa.jpg\" \/>\n<meta name=\"twitter:card\" content=\"summary_large_image\" \/>\n<meta name=\"twitter:label1\" content=\"Estimated reading time\" \/>\n\t<meta name=\"twitter:data1\" content=\"5 minutes\" \/>\n<script type=\"application\/ld+json\" class=\"yoast-schema-graph\">{\"@context\":\"https:\\\/\\\/schema.org\",\"@graph\":[{\"@type\":\"WebPage\",\"@id\":\"https:\\\/\\\/onxon.fi\\\/en\\\/onxon-retailers\\\/\",\"url\":\"https:\\\/\\\/onxon.fi\\\/en\\\/onxon-retailers\\\/\",\"name\":\"OnXOn Retailers can be found here - OnXOn English\",\"isPartOf\":{\"@id\":\"https:\\\/\\\/onxon.fi\\\/en\\\/#website\"},\"primaryImageOfPage\":{\"@id\":\"https:\\\/\\\/onxon.fi\\\/en\\\/onxon-retailers\\\/#primaryimage\"},\"image\":{\"@id\":\"https:\\\/\\\/onxon.fi\\\/en\\\/onxon-retailers\\\/#primaryimage\"},\"thumbnailUrl\":\"https:\\\/\\\/onxon.fi\\\/wp-content\\\/uploads\\\/2020\\\/02\\\/Allergiakauppa.jpg\",\"datePublished\":\"2020-03-30T07:22:31+00:00\",\"dateModified\":\"2022-05-27T13:43:18+00:00\",\"description\":\"OnXOn retailers: Here you can find your nearest retailer of OnXOn products.\",\"breadcrumb\":{\"@id\":\"https:\\\/\\\/onxon.fi\\\/en\\\/onxon-retailers\\\/#breadcrumb\"},\"inLanguage\":\"en-GB\",\"potentialAction\":[{\"@type\":\"ReadAction\",\"target\":[\"https:\\\/\\\/onxon.fi\\\/en\\\/onxon-retailers\\\/\"]}]},{\"@type\":\"ImageObject\",\"inLanguage\":\"en-GB\",\"@id\":\"https:\\\/\\\/onxon.fi\\\/en\\\/onxon-retailers\\\/#primaryimage\",\"url\":\"https:\\\/\\\/onxon.fi\\\/wp-content\\\/uploads\\\/2020\\\/02\\\/Allergiakauppa.jpg\",\"contentUrl\":\"https:\\\/\\\/onxon.fi\\\/wp-content\\\/uploads\\\/2020\\\/02\\\/Allergiakauppa.jpg\"},{\"@type\":\"BreadcrumbList\",\"@id\":\"https:\\\/\\\/onxon.fi\\\/en\\\/onxon-retailers\\\/#breadcrumb\",\"itemListElement\":[{\"@type\":\"ListItem\",\"position\":1,\"name\":\"Home\",\"item\":\"https:\\\/\\\/onxon.fi\\\/en\\\/\"},{\"@type\":\"ListItem\",\"position\":2,\"name\":\"OnXOn Retailers\"}]},{\"@type\":\"WebSite\",\"@id\":\"https:\\\/\\\/onxon.fi\\\/en\\\/#website\",\"url\":\"https:\\\/\\\/onxon.fi\\\/en\\\/\",\"name\":\"OnXOn English\",\"description\":\"Cleaning Products\",\"potentialAction\":[{\"@type\":\"SearchAction\",\"target\":{\"@type\":\"EntryPoint\",\"urlTemplate\":\"https:\\\/\\\/onxon.fi\\\/en\\\/?s={search_term_string}\"},\"query-input\":{\"@type\":\"PropertyValueSpecification\",\"valueRequired\":true,\"valueName\":\"search_term_string\"}}],\"inLanguage\":\"en-GB\"}]}<\/script>\n<!-- \/ Yoast SEO plugin. -->","yoast_head_json":{"title":"OnXOn Retailers can be found here - OnXOn English","description":"OnXOn retailers: Here you can find your nearest retailer of OnXOn products.","robots":{"index":"index","follow":"follow","max-snippet":"max-snippet:-1","max-image-preview":"max-image-preview:large","max-video-preview":"max-video-preview:-1"},"canonical":"https:\/\/onxon.fi\/en\/onxon-retailers\/","og_locale":"en_GB","og_type":"article","og_title":"OnXOn Retailers can be found here - OnXOn English","og_description":"OnXOn retailers: Here you can find your nearest retailer of OnXOn products.","og_url":"https:\/\/onxon.fi\/en\/onxon-retailers\/","og_site_name":"OnXOn English","article_modified_time":"2022-05-27T13:43:18+00:00","og_image":[{"url":"https:\/\/onxon.fi\/wp-content\/uploads\/2020\/02\/Allergiakauppa.jpg","type":"","width":"","height":""}],"twitter_card":"summary_large_image","twitter_misc":{"Estimated reading time":"5 minutes"},"schema":{"@context":"https:\/\/schema.org","@graph":[{"@type":"WebPage","@id":"https:\/\/onxon.fi\/en\/onxon-retailers\/","url":"https:\/\/onxon.fi\/en\/onxon-retailers\/","name":"OnXOn Retailers can be found here - OnXOn English","isPartOf":{"@id":"https:\/\/onxon.fi\/en\/#website"},"primaryImageOfPage":{"@id":"https:\/\/onxon.fi\/en\/onxon-retailers\/#primaryimage"},"image":{"@id":"https:\/\/onxon.fi\/en\/onxon-retailers\/#primaryimage"},"thumbnailUrl":"https:\/\/onxon.fi\/wp-content\/uploads\/2020\/02\/Allergiakauppa.jpg","datePublished":"2020-03-30T07:22:31+00:00","dateModified":"2022-05-27T13:43:18+00:00","description":"OnXOn retailers: Here you can find your nearest retailer of OnXOn products.","breadcrumb":{"@id":"https:\/\/onxon.fi\/en\/onxon-retailers\/#breadcrumb"},"inLanguage":"en-GB","potentialAction":[{"@type":"ReadAction","target":["https:\/\/onxon.fi\/en\/onxon-retailers\/"]}]},{"@type":"ImageObject","inLanguage":"en-GB","@id":"https:\/\/onxon.fi\/en\/onxon-retailers\/#primaryimage","url":"https:\/\/onxon.fi\/wp-content\/uploads\/2020\/02\/Allergiakauppa.jpg","contentUrl":"https:\/\/onxon.fi\/wp-content\/uploads\/2020\/02\/Allergiakauppa.jpg"},{"@type":"BreadcrumbList","@id":"https:\/\/onxon.fi\/en\/onxon-retailers\/#breadcrumb","itemListElement":[{"@type":"ListItem","position":1,"name":"Home","item":"https:\/\/onxon.fi\/en\/"},{"@type":"ListItem","position":2,"name":"OnXOn Retailers"}]},{"@type":"WebSite","@id":"https:\/\/onxon.fi\/en\/#website","url":"https:\/\/onxon.fi\/en\/","name":"OnXOn English","description":"Cleaning Products","potentialAction":[{"@type":"SearchAction","target":{"@type":"EntryPoint","urlTemplate":"https:\/\/onxon.fi\/en\/?s={search_term_string}"},"query-input":{"@type":"PropertyValueSpecification","valueRequired":true,"valueName":"search_term_string"}}],"inLanguage":"en-GB"}]}},"_links":{"self":[{"href":"https:\/\/onxon.fi\/en\/wp-json\/wp\/v2\/pages\/445","targetHints":{"allow":["GET"]}}],"collection":[{"href":"https:\/\/onxon.fi\/en\/wp-json\/wp\/v2\/pages"}],"about":[{"href":"https:\/\/onxon.fi\/en\/wp-json\/wp\/v2\/types\/page"}],"author":[{"embeddable":true,"href":"https:\/\/onxon.fi\/en\/wp-json\/wp\/v2\/users\/4"}],"replies":[{"embeddable":true,"href":"https:\/\/onxon.fi\/en\/wp-json\/wp\/v2\/comments?post=445"}],"version-history":[{"count":19,"href":"https:\/\/onxon.fi\/en\/wp-json\/wp\/v2\/pages\/445\/revisions"}],"predecessor-version":[{"id":628,"href":"https:\/\/onxon.fi\/en\/wp-json\/wp\/v2\/pages\/445\/revisions\/628"}],"wp:attachment":[{"href":"https:\/\/onxon.fi\/en\/wp-json\/wp\/v2\/media?parent=445"}],"curies":[{"name":"wp","href":"https:\/\/api.w.org\/{rel}","templated":true}]}}