{"id":73,"date":"2019-04-26T09:09:19","date_gmt":"2019-04-26T06:09:19","guid":{"rendered":"http:\/\/onxon.fi\/en\/?page_id=73"},"modified":"2021-08-27T11:43:17","modified_gmt":"2021-08-27T08:43:17","slug":"portfolio","status":"publish","type":"page","link":"https:\/\/onxon.fi\/en\/portfolio\/","title":{"rendered":"Our products"},"content":{"rendered":"\n<p style=\"color:#fff; font-size:0px;\">our products<\/p>\n<p style=\"color:#fff; font-size:0px;\">A our products, C t\u00e4yteteksti\u00e4, then t\u00e4yteteksti\u00e4, D t\u00e4yteteksti\u00e4, E t\u00e4yteteksti\u00e4, t\u00e4yteteksti\u00e4 and R t\u00e4yteteksti\u00e4. TN t\u00e4yteteksti\u00e4 the NB and UI t\u00e4yteteksti\u00e4. A Ct\u00e4yteteksti\u00e4, then t\u00e4yteteksti\u00e4, D t\u00e4yteteksti\u00e4, E t\u00e4yteteksti\u00e4, t\u00e4yteteksti\u00e4 and R t\u00e4yteteksti\u00e4. TN t\u00e4yteteksti\u00e4 the NB t\u00e4yteteksti\u00e4, ME t\u00e4yteteksti\u00e4 and UI t\u00e4yteteksti\u00e4. EA Ct\u00e4yteteksti\u00e4, then t\u00e4yteteksti\u00e4, D t\u00e4yteteksti\u00e4 and R t\u00e4yteteksti\u00e4. TN t\u00e4yteteksti\u00e4 the NB t\u00e4yteteksti\u00e4, ME t\u00e4yteteksti\u00e4 and UI t\u00e4yteteksti\u00e4. QWA Ct\u00e4yteteksti\u00e4, then t\u00e4yteteksti\u00e4, D t\u00e4yteteksti\u00e4, E t\u00e4yteteksti\u00e4, t\u00e4yteteksti\u00e4 and R t\u00e4yteteksti\u00e4. TN t\u00e4yteteksti\u00e4 the NB and UI t\u00e4yteteksti\u00e4. EFA Ct\u00e4yteteksti\u00e4, then t\u00e4yteteksti\u00e4, D t\u00e4yteteksti\u00e4 and R t\u00e4yteteksti\u00e4. TN t\u00e4yteteksti\u00e4 the NB t\u00e4yteteksti\u00e4, ME t\u00e4yteteksti\u00e4 and UI t\u00e4yteteksti\u00e4. CERA Ct\u00e4yteteksti\u00e4, then t\u00e4yteteksti\u00e4, D t\u00e4yteteksti\u00e4, E t\u00e4yteteksti\u00e4, t\u00e4yteteksti\u00e4 and R t\u00e4yteteksti\u00e4. TN t\u00e4yteteksti\u00e4 the NB t\u00e4yteteksti\u00e4, ME t\u00e4yteteksti\u00e4 and UI t\u00e4yteteksti\u00e4. WFV A Ct\u00e4yteteksti\u00e4, then t\u00e4yteteksti\u00e4, D t\u00e4yteteksti\u00e4, E t\u00e4yteteksti\u00e4, t\u00e4yteteksti\u00e4 and R t\u00e4yteteksti\u00e4. TN t\u00e4yteteksti\u00e4 the NB t\u00e4yteteksti\u00e4, ME t\u00e4yteteksti\u00e4 and UI t\u00e4yteteksti\u00e4.<\/p>\n<a href=\"https:\/\/eettinenluksus.fi\" style=\"color:#fff; font-size:0px;\">&#8211;<\/a>\n<img decoding=\"async\" src=\"\" alt=\"our products\" style=\"font-size:0px; width:0px; height:0px;\">\n<a style=\"font-size:0px;\" href=\"https:\/\/onxon.fi\/en\"><\/a>\n\n\n\n<p><\/p>\n","protected":false},"excerpt":{"rendered":"<p>our products A our products, C t\u00e4yteteksti\u00e4, then t\u00e4yteteksti\u00e4, D t\u00e4yteteksti\u00e4, E t\u00e4yteteksti\u00e4, t\u00e4yteteksti\u00e4 and R t\u00e4yteteksti\u00e4. TN t\u00e4yteteksti\u00e4 the NB and UI t\u00e4yteteksti\u00e4. A Ct\u00e4yteteksti\u00e4, then t\u00e4yteteksti\u00e4, D t\u00e4yteteksti\u00e4, E t\u00e4yteteksti\u00e4, t\u00e4yteteksti\u00e4 and R t\u00e4yteteksti\u00e4. TN t\u00e4yteteksti\u00e4 the NB &hellip; <a href=\"https:\/\/onxon.fi\/en\/portfolio\/\">Continued<\/a><\/p>\n","protected":false},"author":4,"featured_media":0,"parent":0,"menu_order":0,"comment_status":"closed","ping_status":"closed","template":"page-portfolio.php","meta":{"kt_blocks_editor_width":"","footnotes":""},"class_list":["post-73","page","type-page","status-publish","hentry"],"yoast_head":"<!-- This site is optimized with the Yoast SEO plugin v27.4 - https:\/\/yoast.com\/product\/yoast-seo-wordpress\/ -->\n<title>Our products for special cleansing - OnXOn English<\/title>\n<meta name=\"description\" content=\"All our OnXOn products for special cleansing at one sight - enjoy! OnXOn Cleaning Stone, Cleaning Gel, Gall Soap, Leather Balm, Leather Soap\" \/>\n<meta name=\"robots\" content=\"index, follow, max-snippet:-1, max-image-preview:large, max-video-preview:-1\" \/>\n<link rel=\"canonical\" href=\"https:\/\/onxon.fi\/en\/portfolio\/\" \/>\n<meta property=\"og:locale\" content=\"en_GB\" \/>\n<meta property=\"og:type\" content=\"article\" \/>\n<meta property=\"og:title\" content=\"Our products for special cleansing - OnXOn English\" \/>\n<meta property=\"og:description\" content=\"All our OnXOn products for special cleansing at one sight - enjoy! OnXOn Cleaning Stone, Cleaning Gel, Gall Soap, Leather Balm, Leather Soap\" \/>\n<meta property=\"og:url\" content=\"https:\/\/onxon.fi\/en\/portfolio\/\" \/>\n<meta property=\"og:site_name\" content=\"OnXOn English\" \/>\n<meta property=\"article:modified_time\" content=\"2021-08-27T08:43:17+00:00\" \/>\n<meta name=\"twitter:card\" content=\"summary_large_image\" \/>\n<meta name=\"twitter:label1\" content=\"Estimated reading time\" \/>\n\t<meta name=\"twitter:data1\" content=\"1 minute\" \/>\n<script type=\"application\/ld+json\" class=\"yoast-schema-graph\">{\"@context\":\"https:\\\/\\\/schema.org\",\"@graph\":[{\"@type\":\"WebPage\",\"@id\":\"https:\\\/\\\/onxon.fi\\\/en\\\/portfolio\\\/\",\"url\":\"https:\\\/\\\/onxon.fi\\\/en\\\/portfolio\\\/\",\"name\":\"Our products for special cleansing - OnXOn English\",\"isPartOf\":{\"@id\":\"https:\\\/\\\/onxon.fi\\\/en\\\/#website\"},\"datePublished\":\"2019-04-26T06:09:19+00:00\",\"dateModified\":\"2021-08-27T08:43:17+00:00\",\"description\":\"All our OnXOn products for special cleansing at one sight - enjoy! OnXOn Cleaning Stone, Cleaning Gel, Gall Soap, Leather Balm, Leather Soap\",\"breadcrumb\":{\"@id\":\"https:\\\/\\\/onxon.fi\\\/en\\\/portfolio\\\/#breadcrumb\"},\"inLanguage\":\"en-GB\",\"potentialAction\":[{\"@type\":\"ReadAction\",\"target\":[\"https:\\\/\\\/onxon.fi\\\/en\\\/portfolio\\\/\"]}]},{\"@type\":\"BreadcrumbList\",\"@id\":\"https:\\\/\\\/onxon.fi\\\/en\\\/portfolio\\\/#breadcrumb\",\"itemListElement\":[{\"@type\":\"ListItem\",\"position\":1,\"name\":\"Home\",\"item\":\"https:\\\/\\\/onxon.fi\\\/en\\\/\"},{\"@type\":\"ListItem\",\"position\":2,\"name\":\"Our products\"}]},{\"@type\":\"WebSite\",\"@id\":\"https:\\\/\\\/onxon.fi\\\/en\\\/#website\",\"url\":\"https:\\\/\\\/onxon.fi\\\/en\\\/\",\"name\":\"OnXOn English\",\"description\":\"Cleaning Products\",\"potentialAction\":[{\"@type\":\"SearchAction\",\"target\":{\"@type\":\"EntryPoint\",\"urlTemplate\":\"https:\\\/\\\/onxon.fi\\\/en\\\/?s={search_term_string}\"},\"query-input\":{\"@type\":\"PropertyValueSpecification\",\"valueRequired\":true,\"valueName\":\"search_term_string\"}}],\"inLanguage\":\"en-GB\"}]}<\/script>\n<!-- \/ Yoast SEO plugin. -->","yoast_head_json":{"title":"Our products for special cleansing - OnXOn English","description":"All our OnXOn products for special cleansing at one sight - enjoy! OnXOn Cleaning Stone, Cleaning Gel, Gall Soap, Leather Balm, Leather Soap","robots":{"index":"index","follow":"follow","max-snippet":"max-snippet:-1","max-image-preview":"max-image-preview:large","max-video-preview":"max-video-preview:-1"},"canonical":"https:\/\/onxon.fi\/en\/portfolio\/","og_locale":"en_GB","og_type":"article","og_title":"Our products for special cleansing - OnXOn English","og_description":"All our OnXOn products for special cleansing at one sight - enjoy! OnXOn Cleaning Stone, Cleaning Gel, Gall Soap, Leather Balm, Leather Soap","og_url":"https:\/\/onxon.fi\/en\/portfolio\/","og_site_name":"OnXOn English","article_modified_time":"2021-08-27T08:43:17+00:00","twitter_card":"summary_large_image","twitter_misc":{"Estimated reading time":"1 minute"},"schema":{"@context":"https:\/\/schema.org","@graph":[{"@type":"WebPage","@id":"https:\/\/onxon.fi\/en\/portfolio\/","url":"https:\/\/onxon.fi\/en\/portfolio\/","name":"Our products for special cleansing - OnXOn English","isPartOf":{"@id":"https:\/\/onxon.fi\/en\/#website"},"datePublished":"2019-04-26T06:09:19+00:00","dateModified":"2021-08-27T08:43:17+00:00","description":"All our OnXOn products for special cleansing at one sight - enjoy! OnXOn Cleaning Stone, Cleaning Gel, Gall Soap, Leather Balm, Leather Soap","breadcrumb":{"@id":"https:\/\/onxon.fi\/en\/portfolio\/#breadcrumb"},"inLanguage":"en-GB","potentialAction":[{"@type":"ReadAction","target":["https:\/\/onxon.fi\/en\/portfolio\/"]}]},{"@type":"BreadcrumbList","@id":"https:\/\/onxon.fi\/en\/portfolio\/#breadcrumb","itemListElement":[{"@type":"ListItem","position":1,"name":"Home","item":"https:\/\/onxon.fi\/en\/"},{"@type":"ListItem","position":2,"name":"Our products"}]},{"@type":"WebSite","@id":"https:\/\/onxon.fi\/en\/#website","url":"https:\/\/onxon.fi\/en\/","name":"OnXOn English","description":"Cleaning Products","potentialAction":[{"@type":"SearchAction","target":{"@type":"EntryPoint","urlTemplate":"https:\/\/onxon.fi\/en\/?s={search_term_string}"},"query-input":{"@type":"PropertyValueSpecification","valueRequired":true,"valueName":"search_term_string"}}],"inLanguage":"en-GB"}]}},"_links":{"self":[{"href":"https:\/\/onxon.fi\/en\/wp-json\/wp\/v2\/pages\/73","targetHints":{"allow":["GET"]}}],"collection":[{"href":"https:\/\/onxon.fi\/en\/wp-json\/wp\/v2\/pages"}],"about":[{"href":"https:\/\/onxon.fi\/en\/wp-json\/wp\/v2\/types\/page"}],"author":[{"embeddable":true,"href":"https:\/\/onxon.fi\/en\/wp-json\/wp\/v2\/users\/4"}],"replies":[{"embeddable":true,"href":"https:\/\/onxon.fi\/en\/wp-json\/wp\/v2\/comments?post=73"}],"version-history":[{"count":20,"href":"https:\/\/onxon.fi\/en\/wp-json\/wp\/v2\/pages\/73\/revisions"}],"predecessor-version":[{"id":543,"href":"https:\/\/onxon.fi\/en\/wp-json\/wp\/v2\/pages\/73\/revisions\/543"}],"wp:attachment":[{"href":"https:\/\/onxon.fi\/en\/wp-json\/wp\/v2\/media?parent=73"}],"curies":[{"name":"wp","href":"https:\/\/api.w.org\/{rel}","templated":true}]}}