{"id":87,"date":"2019-04-26T09:14:49","date_gmt":"2019-04-26T06:14:49","guid":{"rendered":"http:\/\/onxon.fi\/en\/?page_id=87"},"modified":"2024-08-29T15:38:41","modified_gmt":"2024-08-29T12:38:41","slug":"contact-us","status":"publish","type":"page","link":"https:\/\/onxon.fi\/en\/contact-us\/","title":{"rendered":"Contact Us"},"content":{"rendered":"\n<div class=\"wp-block-columns has-2-columns is-layout-flex wp-container-core-columns-is-layout-9d6595d7 wp-block-columns-is-layout-flex\">\n<div class=\"wp-block-column is-layout-flow wp-block-column-is-layout-flow\">\n<p style=\"font-size:0px;\">contact us<\/p>\n<p><br><\/p><p style=\"color: #269100; font-size: 32px;\">Eettinen Luksus Oy &#8211;<\/p><p style=\"color: #269100; font-size: 32px;\">Ethical Luxury Ltd.<\/p>\n<img loading=\"lazy\" decoding=\"async\" width=\"150\" height=\"150\" src=\"https:\/\/onxon.fi\/wp-content\/uploads\/2019\/11\/EettinenLuksusSome.jpg\" alt=\"contact us\">\n<p style=\"font-size: 16px;\">Vilhonvuorenkatu 12<br>FI-00500 Helsinki, Finland<\/p><p>&nbsp;<\/p><p style=\"color:black; font-size: 16px;\">Telephone +358 29 000 9191<br>Email info(at)eettinenluksus.fi<br><\/p><p>&nbsp;<\/p><p><a style=\"color: #269100; font-size: 18px;\" href=\"https:\/\/eettinenluksus.fi\/en\" target=\"_blank\" rel=\"noopener noreferrer\">eettinenluksus.fi<\/a><\/p>\n<br><p><img loading=\"lazy\" decoding=\"async\" width=\"15\" height=\"15\" src=\"https:\/\/eettinenluksus.fi\/wp-content\/uploads\/2019\/08\/lfbogo.jpg\"> <a style=\"color: #269100;\" href=\"https:\/\/www.facebook.com\/ethicalluxuryfi\" target=\"_blank\" rel=\"noopener noreferrer\">Facebook Ethical Luxury Finland<\/a><br>\n<img loading=\"lazy\" decoding=\"async\" width=\"15\" height=\"15\" src=\"https:\/\/onxon.fi\/en\/wp-content\/uploads\/sites\/2\/1616\/43\/linstaogo-1.jpg\"> <a style=\"color: #269100;\" href=\"https:\/\/www.instagram.com\/eettinenluksus\/\" target=\"_blank\" rel=\"noopener noreferrer\">Instagram Eettinen Luksus<\/a><\/p>\n<p style=\"font-size:0px;\">AS T\u00e4yteteksti\u00e4 then B t\u00e4yteteksti\u00e4 and C t\u00e4yteteksti\u00e4. T\u00e4yteteksti\u00e4 the D t\u00e4yteteksti\u00e4 and E t\u00e4yteteksti\u00e4. AR T\u00e4yteteksti\u00e4 then B t\u00e4yteteksti\u00e4 and F t\u00e4yteteksti\u00e4. T\u00e4yteteksti\u00e4 the G t\u00e4yteteksti\u00e4 and H t\u00e4yteteksti\u00e4. DF T\u00e4yteteksti\u00e4 then B t\u00e4yteteksti\u00e4 and C t\u00e4yteteksti\u00e4. GB T\u00e4yteteksti\u00e4 the D t\u00e4yteteksti\u00e4 and E t\u00e4yteteksti\u00e4. RG T\u00e4yteteksti\u00e4 then B t\u00e4yteteksti\u00e4 and F t\u00e4yteteksti\u00e4. CV T\u00e4yteteksti\u00e4 the G t\u00e4yteteksti\u00e4 and H t\u00e4yteteksti\u00e4. EV T\u00e4yteteksti\u00e4 then B t\u00e4yteteksti\u00e4 and C t\u00e4yteteksti\u00e4. EW T\u00e4yteteksti\u00e4 the D t\u00e4yteteksti\u00e4 and E t\u00e4yteteksti\u00e4. WR T\u00e4yteteksti\u00e4 then B t\u00e4yteteksti\u00e4 and F t\u00e4yteteksti\u00e4. QW T\u00e4yteteksti\u00e4 the G t\u00e4yteteksti\u00e4 and H t\u00e4yteteksti\u00e4. BB T\u00e4yteteksti\u00e4 then B t\u00e4yteteksti\u00e4 and C t\u00e4yteteksti\u00e4. T\u00e4yteteksti\u00e4 the D t\u00e4yteteksti\u00e4 and E t\u00e4yteteksti\u00e4. MN T\u00e4yteteksti\u00e4 then B t\u00e4yteteksti\u00e4 and F t\u00e4yteteksti\u00e4. AT T\u00e4yteteksti\u00e4 the G t\u00e4yteteksti\u00e4 and H t\u00e4yteteksti\u00e4. PAS T\u00e4yteteksti\u00e4 then B t\u00e4yteteksti\u00e4 and C t\u00e4yteteksti\u00e4. WC CN T\u00e4yteteksti\u00e4 the D t\u00e4yteteksti\u00e4 and E t\u00e4yteteksti\u00e4. \u00c4E T\u00e4yteteksti\u00e4 then B t\u00e4yteteksti\u00e4 and F t\u00e4yteteksti\u00e4. XX XB EN ZZ T\u00e4yteteksti\u00e4 the G t\u00e4yteteksti\u00e4 and H t\u00e4yteteksti\u00e4. PE T\u00e4yteteksti\u00e4 then B t\u00e4yteteksti\u00e4 and C t\u00e4yteteksti\u00e4. ZP T\u00e4yteteksti\u00e4 the D t\u00e4yteteksti\u00e4 and E t\u00e4yteteksti\u00e4. P\u00d6 T\u00e4yteteksti\u00e4 the B t\u00e4yteteksti\u00e4 and F t\u00e4yteteksti\u00e4. P\u00c5 T\u00e4yteteksti\u00e4 the G t\u00e4yteteksti\u00e4 and H t\u00e4yteteksti\u00e4. P\u00c4 T\u00e4yteteksti\u00e4 then B t\u00e4yteteksti\u00e4 and C t\u00e4yteteksti\u00e4. HR T\u00e4yteteksti\u00e4 the D t\u00e4yteteksti\u00e4 and E t\u00e4yteteksti\u00e4. T\u00e4yteteksti\u00e4 then B t\u00e4yteteksti\u00e4 and F t\u00e4yteteksti\u00e4. PW T\u00e4yteteksti\u00e4 the G t\u00e4yteteksti\u00e4 and H t\u00e4yteteksti\u00e4.<\/p>\n\n\n\n<p><\/p>\n<\/div>\n\n\n\n<div class=\"wp-block-column is-layout-flow wp-block-column-is-layout-flow\">\n<p><br><\/p><p><span style=\"color: #269100;font-size: 32px;\">Contact Us<\/span><\/p>\n\n\n<style id=\"wpforms-css-vars-683\">\n\t\t\t\t#wpforms-683 {\n\t\t\t\t\n\t\t\t}\n\t\t\t<\/style><div class=\"wpforms-container wpforms-container-full wpforms-render-modern\" id=\"wpforms-683\"><form id=\"wpforms-form-683\" class=\"wpforms-validate wpforms-form wpforms-ajax-form\" data-formid=\"683\" method=\"post\" enctype=\"multipart\/form-data\" action=\"\/en\/wp-json\/wp\/v2\/pages\/87\" data-token=\"3711afdcdb8ac79280a8d6e8be1558e7\" data-token-time=\"1776486206\"><noscript class=\"wpforms-error-noscript\">Please enable JavaScript in your browser to complete this form.<\/noscript><div id=\"wpforms-error-noscript\" style=\"display: none;\">Please enable JavaScript in your browser to complete this form.<\/div><div class=\"wpforms-field-container\"><div id=\"wpforms-683-field_1-container\" class=\"wpforms-field wpforms-field-name\" data-field-id=\"1\"><label class=\"wpforms-field-label\" for=\"wpforms-683-field_1\">Name <span class=\"wpforms-required-label\" aria-hidden=\"true\">*<\/span><\/label><input type=\"text\" id=\"wpforms-683-field_1\" class=\"wpforms-field-medium wpforms-field-required\" name=\"wpforms[fields][1]\" aria-errormessage=\"wpforms-683-field_1-error\" required><\/div><div id=\"wpforms-683-field_2-container\" class=\"wpforms-field wpforms-field-email\" data-field-id=\"2\"><label class=\"wpforms-field-label\" for=\"wpforms-683-field_2\">Email <span class=\"wpforms-required-label\" aria-hidden=\"true\">*<\/span><\/label><input type=\"email\" id=\"wpforms-683-field_2\" class=\"wpforms-field-medium wpforms-field-required\" name=\"wpforms[fields][2]\" spellcheck=\"false\" aria-errormessage=\"wpforms-683-field_2-error\" required><\/div>\t\t<div id=\"wpforms-683-field_4-container\"\n\t\t\tclass=\"wpforms-field wpforms-field-text\"\n\t\t\tdata-field-type=\"text\"\n\t\t\tdata-field-id=\"4\"\n\t\t\t>\n\t\t\t<label class=\"wpforms-field-label\" for=\"wpforms-683-field_4\" >Message Email Name<\/label>\n\t\t\t<input type=\"text\" id=\"wpforms-683-field_4\" class=\"wpforms-field-medium\" name=\"wpforms[fields][4]\" >\n\t\t<\/div>\n\t\t<div id=\"wpforms-683-field_3-container\" class=\"wpforms-field wpforms-field-textarea\" data-field-id=\"3\"><label class=\"wpforms-field-label\" for=\"wpforms-683-field_3\">Message <span class=\"wpforms-required-label\" aria-hidden=\"true\">*<\/span><\/label><textarea id=\"wpforms-683-field_3\" class=\"wpforms-field-medium wpforms-field-required\" name=\"wpforms[fields][3]\" aria-errormessage=\"wpforms-683-field_3-error\" required><\/textarea><\/div><script>\n\t\t\t\t( function() {\n\t\t\t\t\tconst style = document.createElement( 'style' );\n\t\t\t\t\tstyle.appendChild( document.createTextNode( '#wpforms-683-field_4-container { position: absolute !important; overflow: hidden !important; display: inline !important; height: 1px !important; width: 1px !important; z-index: -1000 !important; padding: 0 !important; } #wpforms-683-field_4-container input { visibility: hidden; } #wpforms-conversational-form-page #wpforms-683-field_4-container label { counter-increment: none; }' ) );\n\t\t\t\t\tdocument.head.appendChild( style );\n\t\t\t\t\tdocument.currentScript?.remove();\n\t\t\t\t} )();\n\t\t\t<\/script><\/div><!-- .wpforms-field-container --><div class=\"wpforms-submit-container\" ><input type=\"hidden\" name=\"wpforms[id]\" value=\"683\"><input type=\"hidden\" name=\"page_title\" value=\"\"><input type=\"hidden\" name=\"page_url\" value=\"https:\/\/onxon.fi\/en\/wp-json\/wp\/v2\/pages\/87\"><input type=\"hidden\" name=\"url_referer\" value=\"\"><button type=\"submit\" name=\"wpforms[submit]\" id=\"wpforms-submit-683\" class=\"wpforms-submit\" data-alt-text=\"Sending\u2026\" data-submit-text=\"Submit\" aria-live=\"assertive\" value=\"wpforms-submit\">Submit<\/button><img loading=\"lazy\" decoding=\"async\" src=\"https:\/\/onxon.fi\/en\/wp-content\/plugins\/wpforms-lite\/assets\/images\/submit-spin.svg\" class=\"wpforms-submit-spinner\" style=\"display: none;\" width=\"26\" height=\"26\" alt=\"Loading\"><\/div><\/form><\/div>  <!-- .wpforms-container -->\n<\/div>\n<\/div>\n","protected":false},"excerpt":{"rendered":"<p>contact us Eettinen Luksus Oy &#8211; Ethical Luxury Ltd. Vilhonvuorenkatu 12FI-00500 Helsinki, Finland &nbsp; Telephone +358 29 000 9191Email info(at)eettinenluksus.fi &nbsp; eettinenluksus.fi Facebook Ethical Luxury Finland Instagram Eettinen Luksus AS T\u00e4yteteksti\u00e4 then B t\u00e4yteteksti\u00e4 and C t\u00e4yteteksti\u00e4. T\u00e4yteteksti\u00e4 the D &hellip; <a href=\"https:\/\/onxon.fi\/en\/contact-us\/\">Continued<\/a><\/p>\n","protected":false},"author":4,"featured_media":0,"parent":0,"menu_order":0,"comment_status":"closed","ping_status":"closed","template":"","meta":{"kt_blocks_editor_width":"","footnotes":""},"class_list":["post-87","page","type-page","status-publish","hentry"],"yoast_head":"<!-- This site is optimized with the Yoast SEO plugin v27.4 - https:\/\/yoast.com\/product\/yoast-seo-wordpress\/ -->\n<title>Contact Us - OnXOn English<\/title>\n<meta name=\"description\" content=\"Contact us: Eettinen Luksus Oy, Vilhonvuorenkatu 12, 00500 Helsinki Puhelin 029 000 9191 S\u00e4hk\u00f6posti info(at)eettinenluksus.fi\" \/>\n<meta name=\"robots\" content=\"index, follow, max-snippet:-1, max-image-preview:large, max-video-preview:-1\" \/>\n<link rel=\"canonical\" href=\"https:\/\/onxon.fi\/en\/contact-us\/\" \/>\n<meta property=\"og:locale\" content=\"en_GB\" \/>\n<meta property=\"og:type\" content=\"article\" \/>\n<meta property=\"og:title\" content=\"Contact Us - OnXOn English\" \/>\n<meta property=\"og:description\" content=\"Contact us: Eettinen Luksus Oy, Vilhonvuorenkatu 12, 00500 Helsinki Puhelin 029 000 9191 S\u00e4hk\u00f6posti info(at)eettinenluksus.fi\" \/>\n<meta property=\"og:url\" content=\"https:\/\/onxon.fi\/en\/contact-us\/\" \/>\n<meta property=\"og:site_name\" content=\"OnXOn English\" \/>\n<meta property=\"article:modified_time\" content=\"2024-08-29T12:38:41+00:00\" \/>\n<meta property=\"og:image\" content=\"https:\/\/onxon.fi\/wp-content\/uploads\/2019\/11\/EettinenLuksusSome.jpg\" \/>\n<meta name=\"twitter:card\" content=\"summary_large_image\" \/>\n<meta name=\"twitter:label1\" content=\"Estimated reading time\" \/>\n\t<meta name=\"twitter:data1\" content=\"2 minutes\" \/>\n<script type=\"application\/ld+json\" class=\"yoast-schema-graph\">{\"@context\":\"https:\\\/\\\/schema.org\",\"@graph\":[{\"@type\":\"WebPage\",\"@id\":\"https:\\\/\\\/onxon.fi\\\/en\\\/contact-us\\\/\",\"url\":\"https:\\\/\\\/onxon.fi\\\/en\\\/contact-us\\\/\",\"name\":\"Contact Us - OnXOn English\",\"isPartOf\":{\"@id\":\"https:\\\/\\\/onxon.fi\\\/en\\\/#website\"},\"primaryImageOfPage\":{\"@id\":\"https:\\\/\\\/onxon.fi\\\/en\\\/contact-us\\\/#primaryimage\"},\"image\":{\"@id\":\"https:\\\/\\\/onxon.fi\\\/en\\\/contact-us\\\/#primaryimage\"},\"thumbnailUrl\":\"https:\\\/\\\/onxon.fi\\\/wp-content\\\/uploads\\\/2019\\\/11\\\/EettinenLuksusSome.jpg\",\"datePublished\":\"2019-04-26T06:14:49+00:00\",\"dateModified\":\"2024-08-29T12:38:41+00:00\",\"description\":\"Contact us: Eettinen Luksus Oy, Vilhonvuorenkatu 12, 00500 Helsinki Puhelin 029 000 9191 S\u00e4hk\u00f6posti info(at)eettinenluksus.fi\",\"breadcrumb\":{\"@id\":\"https:\\\/\\\/onxon.fi\\\/en\\\/contact-us\\\/#breadcrumb\"},\"inLanguage\":\"en-GB\",\"potentialAction\":[{\"@type\":\"ReadAction\",\"target\":[\"https:\\\/\\\/onxon.fi\\\/en\\\/contact-us\\\/\"]}]},{\"@type\":\"ImageObject\",\"inLanguage\":\"en-GB\",\"@id\":\"https:\\\/\\\/onxon.fi\\\/en\\\/contact-us\\\/#primaryimage\",\"url\":\"https:\\\/\\\/onxon.fi\\\/wp-content\\\/uploads\\\/2019\\\/11\\\/EettinenLuksusSome.jpg\",\"contentUrl\":\"https:\\\/\\\/onxon.fi\\\/wp-content\\\/uploads\\\/2019\\\/11\\\/EettinenLuksusSome.jpg\"},{\"@type\":\"BreadcrumbList\",\"@id\":\"https:\\\/\\\/onxon.fi\\\/en\\\/contact-us\\\/#breadcrumb\",\"itemListElement\":[{\"@type\":\"ListItem\",\"position\":1,\"name\":\"Home\",\"item\":\"https:\\\/\\\/onxon.fi\\\/en\\\/\"},{\"@type\":\"ListItem\",\"position\":2,\"name\":\"Contact Us\"}]},{\"@type\":\"WebSite\",\"@id\":\"https:\\\/\\\/onxon.fi\\\/en\\\/#website\",\"url\":\"https:\\\/\\\/onxon.fi\\\/en\\\/\",\"name\":\"OnXOn English\",\"description\":\"Cleaning Products\",\"potentialAction\":[{\"@type\":\"SearchAction\",\"target\":{\"@type\":\"EntryPoint\",\"urlTemplate\":\"https:\\\/\\\/onxon.fi\\\/en\\\/?s={search_term_string}\"},\"query-input\":{\"@type\":\"PropertyValueSpecification\",\"valueRequired\":true,\"valueName\":\"search_term_string\"}}],\"inLanguage\":\"en-GB\"}]}<\/script>\n<!-- \/ Yoast SEO plugin. -->","yoast_head_json":{"title":"Contact Us - OnXOn English","description":"Contact us: Eettinen Luksus Oy, Vilhonvuorenkatu 12, 00500 Helsinki Puhelin 029 000 9191 S\u00e4hk\u00f6posti info(at)eettinenluksus.fi","robots":{"index":"index","follow":"follow","max-snippet":"max-snippet:-1","max-image-preview":"max-image-preview:large","max-video-preview":"max-video-preview:-1"},"canonical":"https:\/\/onxon.fi\/en\/contact-us\/","og_locale":"en_GB","og_type":"article","og_title":"Contact Us - OnXOn English","og_description":"Contact us: Eettinen Luksus Oy, Vilhonvuorenkatu 12, 00500 Helsinki Puhelin 029 000 9191 S\u00e4hk\u00f6posti info(at)eettinenluksus.fi","og_url":"https:\/\/onxon.fi\/en\/contact-us\/","og_site_name":"OnXOn English","article_modified_time":"2024-08-29T12:38:41+00:00","og_image":[{"url":"https:\/\/onxon.fi\/wp-content\/uploads\/2019\/11\/EettinenLuksusSome.jpg","type":"","width":"","height":""}],"twitter_card":"summary_large_image","twitter_misc":{"Estimated reading time":"2 minutes"},"schema":{"@context":"https:\/\/schema.org","@graph":[{"@type":"WebPage","@id":"https:\/\/onxon.fi\/en\/contact-us\/","url":"https:\/\/onxon.fi\/en\/contact-us\/","name":"Contact Us - OnXOn English","isPartOf":{"@id":"https:\/\/onxon.fi\/en\/#website"},"primaryImageOfPage":{"@id":"https:\/\/onxon.fi\/en\/contact-us\/#primaryimage"},"image":{"@id":"https:\/\/onxon.fi\/en\/contact-us\/#primaryimage"},"thumbnailUrl":"https:\/\/onxon.fi\/wp-content\/uploads\/2019\/11\/EettinenLuksusSome.jpg","datePublished":"2019-04-26T06:14:49+00:00","dateModified":"2024-08-29T12:38:41+00:00","description":"Contact us: Eettinen Luksus Oy, Vilhonvuorenkatu 12, 00500 Helsinki Puhelin 029 000 9191 S\u00e4hk\u00f6posti info(at)eettinenluksus.fi","breadcrumb":{"@id":"https:\/\/onxon.fi\/en\/contact-us\/#breadcrumb"},"inLanguage":"en-GB","potentialAction":[{"@type":"ReadAction","target":["https:\/\/onxon.fi\/en\/contact-us\/"]}]},{"@type":"ImageObject","inLanguage":"en-GB","@id":"https:\/\/onxon.fi\/en\/contact-us\/#primaryimage","url":"https:\/\/onxon.fi\/wp-content\/uploads\/2019\/11\/EettinenLuksusSome.jpg","contentUrl":"https:\/\/onxon.fi\/wp-content\/uploads\/2019\/11\/EettinenLuksusSome.jpg"},{"@type":"BreadcrumbList","@id":"https:\/\/onxon.fi\/en\/contact-us\/#breadcrumb","itemListElement":[{"@type":"ListItem","position":1,"name":"Home","item":"https:\/\/onxon.fi\/en\/"},{"@type":"ListItem","position":2,"name":"Contact Us"}]},{"@type":"WebSite","@id":"https:\/\/onxon.fi\/en\/#website","url":"https:\/\/onxon.fi\/en\/","name":"OnXOn English","description":"Cleaning Products","potentialAction":[{"@type":"SearchAction","target":{"@type":"EntryPoint","urlTemplate":"https:\/\/onxon.fi\/en\/?s={search_term_string}"},"query-input":{"@type":"PropertyValueSpecification","valueRequired":true,"valueName":"search_term_string"}}],"inLanguage":"en-GB"}]}},"_links":{"self":[{"href":"https:\/\/onxon.fi\/en\/wp-json\/wp\/v2\/pages\/87","targetHints":{"allow":["GET"]}}],"collection":[{"href":"https:\/\/onxon.fi\/en\/wp-json\/wp\/v2\/pages"}],"about":[{"href":"https:\/\/onxon.fi\/en\/wp-json\/wp\/v2\/types\/page"}],"author":[{"embeddable":true,"href":"https:\/\/onxon.fi\/en\/wp-json\/wp\/v2\/users\/4"}],"replies":[{"embeddable":true,"href":"https:\/\/onxon.fi\/en\/wp-json\/wp\/v2\/comments?post=87"}],"version-history":[{"count":40,"href":"https:\/\/onxon.fi\/en\/wp-json\/wp\/v2\/pages\/87\/revisions"}],"predecessor-version":[{"id":687,"href":"https:\/\/onxon.fi\/en\/wp-json\/wp\/v2\/pages\/87\/revisions\/687"}],"wp:attachment":[{"href":"https:\/\/onxon.fi\/en\/wp-json\/wp\/v2\/media?parent=87"}],"curies":[{"name":"wp","href":"https:\/\/api.w.org\/{rel}","templated":true}]}}